{"id":2013,"date":"2025-05-12T17:52:31","date_gmt":"2025-05-12T15:52:31","guid":{"rendered":"https:\/\/byguldbrandt.dk\/?post_type=product&#038;p=2013"},"modified":"2025-10-07T13:34:07","modified_gmt":"2025-10-07T11:34:07","slug":"muslingeskaal","status":"publish","type":"product","link":"https:\/\/byguldbrandt.dk\/index.php\/product\/muslingeskaal\/","title":{"rendered":"Muslingesk\u00e5l"},"content":{"rendered":"","protected":false},"excerpt":{"rendered":"<p>Kan du se denne sk\u00f8nne sk\u00e5l st\u00e5 p\u00e5 hylden p\u00e5 en pigev\u00e6relse fyldt med sm\u00e5 kul\u00f8rte h\u00e5rsp\u00e6nder eller v\u00e6rdifulde skatte?<\/p>\n<p>Fin stand<\/p>\n<p>M\u00e5l ca B 20 D 15 H 10 cm<\/p>\n","protected":false},"featured_media":2010,"comment_status":"closed","ping_status":"closed","template":"","meta":[],"product_brand":[],"product_cat":[352,113,76],"product_tag":[186,311,310],"class_list":{"0":"post-2013","1":"product","2":"type-product","3":"status-publish","4":"has-post-thumbnail","6":"product_cat-opbevaring","7":"product_cat-til-boernevaerelset","8":"product_cat-vintage-byguldbrandt","9":"product_tag-boernevaerelse","10":"product_tag-musling","11":"product_tag-muslingeskaal","13":"first","14":"instock","15":"shipping-taxable","16":"purchasable","17":"product-type-simple"},"_links":{"self":[{"href":"https:\/\/byguldbrandt.dk\/index.php\/wp-json\/wp\/v2\/product\/2013","targetHints":{"allow":["GET"]}}],"collection":[{"href":"https:\/\/byguldbrandt.dk\/index.php\/wp-json\/wp\/v2\/product"}],"about":[{"href":"https:\/\/byguldbrandt.dk\/index.php\/wp-json\/wp\/v2\/types\/product"}],"replies":[{"embeddable":true,"href":"https:\/\/byguldbrandt.dk\/index.php\/wp-json\/wp\/v2\/comments?post=2013"}],"wp:featuredmedia":[{"embeddable":true,"href":"https:\/\/byguldbrandt.dk\/index.php\/wp-json\/wp\/v2\/media\/2010"}],"wp:attachment":[{"href":"https:\/\/byguldbrandt.dk\/index.php\/wp-json\/wp\/v2\/media?parent=2013"}],"wp:term":[{"taxonomy":"product_brand","embeddable":true,"href":"https:\/\/byguldbrandt.dk\/index.php\/wp-json\/wp\/v2\/product_brand?post=2013"},{"taxonomy":"product_cat","embeddable":true,"href":"https:\/\/byguldbrandt.dk\/index.php\/wp-json\/wp\/v2\/product_cat?post=2013"},{"taxonomy":"product_tag","embeddable":true,"href":"https:\/\/byguldbrandt.dk\/index.php\/wp-json\/wp\/v2\/product_tag?post=2013"}],"curies":[{"name":"wp","href":"https:\/\/api.w.org\/{rel}","templated":true}]}}